{"id":69,"date":"2015-10-02T22:09:49","date_gmt":"2015-10-02T21:09:49","guid":{"rendered":"http:\/\/84.39.218.252\/si2\/?page_id=69"},"modified":"2016-08-22T12:27:10","modified_gmt":"2016-08-22T11:27:10","slug":"iskanje-partnerjev","status":"publish","type":"page","link":"http:\/\/www.si-hu.eu\/hu2\/iskanje-partnerjev\/","title":{"rendered":"ISKANJE PARTNERJEV"},"content":{"rendered":"<div id='layer_slider_1'  class='avia-layerslider main_color avia-shadow  avia-builder-el-0  el_before_av_one_full  avia-builder-el-first  container_wrap sidebar_right'  style='height: 151px;'  ><div id=\"layerslider_4_nc8b3e3dtoal\" class=\"ls-wp-container fitvidsignore\" style=\"width:1600px;height:150px;margin:0 auto;margin-bottom: 0px;\"><div class=\"ls-slide\" data-ls=\"duration:5000;\"><img width=\"2048\" height=\"321\" src=\"http:\/\/www.si-hu.eu\/hu2\/wp-content\/uploads\/sites\/10\/layerslider\/ENSubSlider\/Clouds.jpg\" class=\"ls-bg\" alt=\"\" srcset=\"http:\/\/www.si-hu.eu\/hu2\/wp-content\/uploads\/sites\/10\/layerslider\/ENSubSlider\/Clouds.jpg 2048w, http:\/\/www.si-hu.eu\/hu2\/wp-content\/uploads\/sites\/10\/layerslider\/ENSubSlider\/Clouds-300x47.jpg 300w, http:\/\/www.si-hu.eu\/hu2\/wp-content\/uploads\/sites\/10\/layerslider\/ENSubSlider\/Clouds-1030x161.jpg 1030w, http:\/\/www.si-hu.eu\/hu2\/wp-content\/uploads\/sites\/10\/layerslider\/ENSubSlider\/Clouds-600x94.jpg 600w, http:\/\/www.si-hu.eu\/hu2\/wp-content\/uploads\/sites\/10\/layerslider\/ENSubSlider\/Clouds-1500x235.jpg 1500w, http:\/\/www.si-hu.eu\/hu2\/wp-content\/uploads\/sites\/10\/layerslider\/ENSubSlider\/Clouds-705x111.jpg 705w, http:\/\/www.si-hu.eu\/hu2\/wp-content\/uploads\/sites\/10\/layerslider\/ENSubSlider\/Clouds-450x71.jpg 450w\" sizes=\"(max-width: 2048px) 100vw, 2048px\" \/><h2 style=\"padding-top:10px;padding-right:10px;padding-bottom:10px;padding-left:10px;color:#ffffff;background:#436f4d;border-radius:15px;top:80px;left:40px;\" class=\"ls-l ls-text-layer\" data-ls=\"offsetxin:80;offsetxout:-80;durationout:400;parallaxlevel:0;\">Interreg V-A Szlov&eacute;nia-Magyarorsz&aacute;g Egy&uuml;ttm&#369;k&ouml;d&eacute;si Program<\/h2><\/div><div class=\"ls-slide\" data-ls=\"duration:4000;\"><img width=\"1600\" height=\"150\" src=\"http:\/\/www.si-hu.eu\/hu2\/wp-content\/uploads\/sites\/10\/layerslider\/ENSubSlider\/lipa.png\" class=\"ls-bg\" alt=\"\" srcset=\"http:\/\/www.si-hu.eu\/hu2\/wp-content\/uploads\/sites\/10\/layerslider\/ENSubSlider\/lipa.png 1600w, http:\/\/www.si-hu.eu\/hu2\/wp-content\/uploads\/sites\/10\/layerslider\/ENSubSlider\/lipa-300x28.png 300w, http:\/\/www.si-hu.eu\/hu2\/wp-content\/uploads\/sites\/10\/layerslider\/ENSubSlider\/lipa-1030x97.png 1030w, http:\/\/www.si-hu.eu\/hu2\/wp-content\/uploads\/sites\/10\/layerslider\/ENSubSlider\/lipa-600x56.png 600w, http:\/\/www.si-hu.eu\/hu2\/wp-content\/uploads\/sites\/10\/layerslider\/ENSubSlider\/lipa-1500x141.png 1500w, http:\/\/www.si-hu.eu\/hu2\/wp-content\/uploads\/sites\/10\/layerslider\/ENSubSlider\/lipa-705x66.png 705w, http:\/\/www.si-hu.eu\/hu2\/wp-content\/uploads\/sites\/10\/layerslider\/ENSubSlider\/lipa-450x42.png 450w\" sizes=\"(max-width: 1600px) 100vw, 1600px\" \/><h2 style=\"padding-top:10px;padding-right:10px;padding-bottom:10px;padding-left:10px;color:#ffffff;background:#436f4d;border-radius:15px;top:25px;left:600px;\" class=\"ls-l ls-text-layer\" data-ls=\"offsetxin:80;offsetxout:-80;durationout:400;parallaxlevel:0;\">Interreg V-A Szlov&eacute;nia-Magyarorsz&aacute;g Egy&uuml;ttm&#369;k&ouml;d&eacute;si Program<\/h2><\/div><\/div><\/div><div id='after_layer_slider_1'  class='main_color av_default_container_wrap container_wrap sidebar_right'  ><div class='container av-section-cont-open' ><div class='template-page content  av-content-small alpha units'><div class='post-entry post-entry-type-page post-entry-69'><div class='entry-content-wrapper clearfix'>\n\n<style type=\"text\/css\" data-created_by=\"avia_inline_auto\" id=\"style-css-av-av_one_full-352b07ef7d3bc99b2e9f92e7a9e06bdb\">\n.flex_column.av-av_one_full-352b07ef7d3bc99b2e9f92e7a9e06bdb{\nborder-radius:0px 0px 0px 0px;\n-webkit-border-radius:0px 0px 0px 0px;\n-moz-border-radius:0px 0px 0px 0px;\n}\n<\/style>\n<div class='flex_column av-av_one_full-352b07ef7d3bc99b2e9f92e7a9e06bdb av_one_full  avia-builder-el-1  el_after_av_layerslider  el_before_av_one_full  avia-builder-el-first  first flex_column_div av-zero-column-padding '   ><section  class='av_textblock_section av-av_textblock-0366cc7376be6c9e82a3e9cc8987b64f'  itemscope=\"itemscope\" itemtype=\"https:\/\/schema.org\/CreativeWork\" ><div class='avia_textblock'  itemprop=\"text\" ><h2>PARTNER KERES\u00c9S<\/h2>\n<\/div><\/section><\/div>\n\n<style type=\"text\/css\" data-created_by=\"avia_inline_auto\" id=\"style-css-av-av_one_full-352b07ef7d3bc99b2e9f92e7a9e06bdb\">\n.flex_column.av-av_one_full-352b07ef7d3bc99b2e9f92e7a9e06bdb{\nborder-radius:0px 0px 0px 0px;\n-webkit-border-radius:0px 0px 0px 0px;\n-moz-border-radius:0px 0px 0px 0px;\n}\n<\/style>\n<div class='flex_column av-av_one_full-352b07ef7d3bc99b2e9f92e7a9e06bdb av_one_full  avia-builder-el-3  el_after_av_one_full  avia-builder-el-last  first flex_column_div av-zero-column-padding column-top-margin'   ><section  class='av_textblock_section av-av_textblock-0366cc7376be6c9e82a3e9cc8987b64f'  itemscope=\"itemscope\" itemtype=\"https:\/\/schema.org\/CreativeWork\" ><div class='avia_textblock'  itemprop=\"text\" ><p><span style=\"color: #008000;\"><strong>DATABASE KEEP<\/strong><\/span><\/p>\n<p>A <a href=\"http:\/\/www.keep.eu\/keep\/\" target=\"_blank\" rel=\"noopener\">http:\/\/www.keep.eu\/keep\/<\/a> weboldalon, a Szlov\u00e9nia-Magyarorsz\u00e1g Hat\u00e1ron \u00c1tny\u00fal\u00f3 Egy\u00fcttm\u0171k\u00f6d\u00e9s 2007-2013 k\u00f6zti id\u0151szaka sor\u00e1n t\u00e1rsfinansz\u00edroz\u00e1sban r\u00e9szes\u00fclt projektekben r\u00e9sztvev\u0151 partnerekr\u0151l tal\u00e1l inform\u00e1ci\u00f3t. A partnerek list\u00e1j\u00e1t \u00e9s a projektek le\u00edr\u00e1sait a 2014-2020 k\u00f6zti id\u0151szak adatai alapj\u00e1n rendszeresen friss\u00edtik. A honlapon el\u00e9rhet\u0151 inform\u00e1ci\u00f3 seg\u00edts\u00e9g\u00fcl szolg\u00e1lhat \u00faj, hat\u00e1ron \u00e1tny\u00fal\u00f3 projektek eset\u00e9ben felmer\u00fcl\u0151 partnerkeres\u00e9sben.<\/p>\n<\/div><\/section><\/div>\n","protected":false},"excerpt":{"rendered":"","protected":false},"author":3,"featured_media":0,"parent":0,"menu_order":0,"comment_status":"closed","ping_status":"closed","template":"","meta":{"ngg_post_thumbnail":0},"acf":[],"_links":{"self":[{"href":"http:\/\/www.si-hu.eu\/hu2\/wp-json\/wp\/v2\/pages\/69"}],"collection":[{"href":"http:\/\/www.si-hu.eu\/hu2\/wp-json\/wp\/v2\/pages"}],"about":[{"href":"http:\/\/www.si-hu.eu\/hu2\/wp-json\/wp\/v2\/types\/page"}],"author":[{"embeddable":true,"href":"http:\/\/www.si-hu.eu\/hu2\/wp-json\/wp\/v2\/users\/3"}],"replies":[{"embeddable":true,"href":"http:\/\/www.si-hu.eu\/hu2\/wp-json\/wp\/v2\/comments?post=69"}],"version-history":[{"count":0,"href":"http:\/\/www.si-hu.eu\/hu2\/wp-json\/wp\/v2\/pages\/69\/revisions"}],"wp:attachment":[{"href":"http:\/\/www.si-hu.eu\/hu2\/wp-json\/wp\/v2\/media?parent=69"}],"curies":[{"name":"wp","href":"https:\/\/api.w.org\/{rel}","templated":true}]}}