{"id":980,"date":"2016-12-14T12:43:57","date_gmt":"2016-12-14T11:43:57","guid":{"rendered":"http:\/\/www.si-hu.eu\/hu2\/?page_id=980"},"modified":"2016-12-16T13:05:31","modified_gmt":"2016-12-16T12:05:31","slug":"3-monitoring-bizottsagi-ules","status":"publish","type":"page","link":"http:\/\/www.si-hu.eu\/hu2\/o-nas\/nadzorni-odbor\/3-monitoring-bizottsagi-ules\/","title":{"rendered":"3. Monitoring Bizotts\u00e1gi \u00fcl\u00e9s"},"content":{"rendered":"<div id='layer_slider_1'  class='avia-layerslider main_color avia-shadow  avia-builder-el-0  el_before_av_one_full  avia-builder-el-first  container_wrap sidebar_right'  style='height: 151px;'  ><div id=\"layerslider_4_bf0b2c6zk01i\" class=\"ls-wp-container fitvidsignore\" style=\"width:1600px;height:150px;margin:0 auto;margin-bottom: 0px;\"><div class=\"ls-slide\" data-ls=\"duration:5000;\"><img width=\"2048\" height=\"321\" src=\"http:\/\/www.si-hu.eu\/hu2\/wp-content\/uploads\/sites\/10\/layerslider\/ENSubSlider\/Clouds.jpg\" class=\"ls-bg\" alt=\"\" srcset=\"http:\/\/www.si-hu.eu\/hu2\/wp-content\/uploads\/sites\/10\/layerslider\/ENSubSlider\/Clouds.jpg 2048w, http:\/\/www.si-hu.eu\/hu2\/wp-content\/uploads\/sites\/10\/layerslider\/ENSubSlider\/Clouds-300x47.jpg 300w, http:\/\/www.si-hu.eu\/hu2\/wp-content\/uploads\/sites\/10\/layerslider\/ENSubSlider\/Clouds-1030x161.jpg 1030w, http:\/\/www.si-hu.eu\/hu2\/wp-content\/uploads\/sites\/10\/layerslider\/ENSubSlider\/Clouds-600x94.jpg 600w, http:\/\/www.si-hu.eu\/hu2\/wp-content\/uploads\/sites\/10\/layerslider\/ENSubSlider\/Clouds-1500x235.jpg 1500w, http:\/\/www.si-hu.eu\/hu2\/wp-content\/uploads\/sites\/10\/layerslider\/ENSubSlider\/Clouds-705x111.jpg 705w, http:\/\/www.si-hu.eu\/hu2\/wp-content\/uploads\/sites\/10\/layerslider\/ENSubSlider\/Clouds-450x71.jpg 450w\" sizes=\"(max-width: 2048px) 100vw, 2048px\" \/><h2 style=\"padding-top:10px;padding-right:10px;padding-bottom:10px;padding-left:10px;color:#ffffff;background:#436f4d;border-radius:15px;top:80px;left:40px;\" class=\"ls-l ls-text-layer\" data-ls=\"offsetxin:80;offsetxout:-80;durationout:400;parallaxlevel:0;\">Interreg V-A Szlov&eacute;nia-Magyarorsz&aacute;g Egy&uuml;ttm&#369;k&ouml;d&eacute;si Program<\/h2><\/div><div class=\"ls-slide\" data-ls=\"duration:4000;\"><img width=\"1600\" height=\"150\" src=\"http:\/\/www.si-hu.eu\/hu2\/wp-content\/uploads\/sites\/10\/layerslider\/ENSubSlider\/lipa.png\" class=\"ls-bg\" alt=\"\" srcset=\"http:\/\/www.si-hu.eu\/hu2\/wp-content\/uploads\/sites\/10\/layerslider\/ENSubSlider\/lipa.png 1600w, http:\/\/www.si-hu.eu\/hu2\/wp-content\/uploads\/sites\/10\/layerslider\/ENSubSlider\/lipa-300x28.png 300w, http:\/\/www.si-hu.eu\/hu2\/wp-content\/uploads\/sites\/10\/layerslider\/ENSubSlider\/lipa-1030x97.png 1030w, http:\/\/www.si-hu.eu\/hu2\/wp-content\/uploads\/sites\/10\/layerslider\/ENSubSlider\/lipa-600x56.png 600w, http:\/\/www.si-hu.eu\/hu2\/wp-content\/uploads\/sites\/10\/layerslider\/ENSubSlider\/lipa-1500x141.png 1500w, http:\/\/www.si-hu.eu\/hu2\/wp-content\/uploads\/sites\/10\/layerslider\/ENSubSlider\/lipa-705x66.png 705w, http:\/\/www.si-hu.eu\/hu2\/wp-content\/uploads\/sites\/10\/layerslider\/ENSubSlider\/lipa-450x42.png 450w\" sizes=\"(max-width: 1600px) 100vw, 1600px\" \/><h2 style=\"padding-top:10px;padding-right:10px;padding-bottom:10px;padding-left:10px;color:#ffffff;background:#436f4d;border-radius:15px;top:25px;left:600px;\" class=\"ls-l ls-text-layer\" data-ls=\"offsetxin:80;offsetxout:-80;durationout:400;parallaxlevel:0;\">Interreg V-A Szlov&eacute;nia-Magyarorsz&aacute;g Egy&uuml;ttm&#369;k&ouml;d&eacute;si Program<\/h2><\/div><\/div><\/div><div id='after_layer_slider_1'  class='main_color av_default_container_wrap container_wrap sidebar_right'  ><div class='container av-section-cont-open' ><div class='template-page content  av-content-small alpha units'><div class='post-entry post-entry-type-page post-entry-980'><div class='entry-content-wrapper clearfix'>\n\n<style type=\"text\/css\" data-created_by=\"avia_inline_auto\" id=\"style-css-av-av_one_full-352b07ef7d3bc99b2e9f92e7a9e06bdb\">\n.flex_column.av-av_one_full-352b07ef7d3bc99b2e9f92e7a9e06bdb{\nborder-radius:0px 0px 0px 0px;\n-webkit-border-radius:0px 0px 0px 0px;\n-moz-border-radius:0px 0px 0px 0px;\n}\n<\/style>\n<div class='flex_column av-av_one_full-352b07ef7d3bc99b2e9f92e7a9e06bdb av_one_full  avia-builder-el-1  el_after_av_layerslider  avia-builder-el-no-sibling  first flex_column_div av-zero-column-padding '   ><section  class='av_textblock_section av-av_textblock-0366cc7376be6c9e82a3e9cc8987b64f'  itemscope=\"itemscope\" itemtype=\"https:\/\/schema.org\/CreativeWork\" ><div class='avia_textblock'  itemprop=\"text\" ><h3><span style=\"color: #008000;\">3. Monitoring Bizotts\u00e1gi \u00fcl\u00e9s<\/span><\/h3>\n<p>A Monitoring Bizotts\u00e1g harmadik \u00fcl\u00e9s\u00e9re 2016. December 5-6-\u00e1n ker\u00fclt sor Mariborban, a Pohorj\u00e9n, Szlov\u00e9ni\u00e1ban.<\/p>\n<p>A Monitoring Bizotts\u00e1g tagjai t\u00e1j\u00e9koztat\u00e1sban r\u00e9szes\u00fcltek a 2007-2013 \u00e9s 2014-2020 programok megval\u00f3sul\u00e1s\u00e1nak \u00e1ll\u00e1s\u00e1r\u00f3l, tov\u00e1bb\u00e1 a program n\u00e9pszer\u0171s\u00edt\u00e9s\u00e9re ir\u00e1nyul\u00f3 kommunik\u00e1ci\u00f3s tev\u00e9kenys\u00e9gekr\u0151l, illetve megismert\u00e9k az Eur\u00f3pai Bizotts\u00e1g \u00e1ll\u00e1spontj\u00e1t a programmegval\u00f3s\u00edt\u00e1s eredm\u00e9nyorient\u00e1lts\u00e1g\u00e1nak \u00e9rtelmez\u00e9s\u00e9t illet\u0151en.<\/p>\n<p>A Monitoring Bizotts\u00e1g tagjai megegyeztek arr\u00f3l, hogy egyazon projektet egy alkalommal lehessen csup\u00e1n elhalasztani, d\u00f6nt\u00f6ttek arr\u00f3l, hogy a projektkiv\u00e1laszt\u00e1s folyamat\u00e1nak lehets\u00e9ges m\u00f3dos\u00edt\u00e1s\u00e1t a k\u00f6vetkez\u0151 MB \u00fcl\u00e9s alkalm\u00e1val t\u00e1rgyalj\u00e1k, megvitatt\u00e1k a 2007-2013 program Z\u00e1r\u00f3 Megval\u00f3s\u00edt\u00e1si Jelent\u00e9s\u00e9t, tov\u00e1bb\u00e1 elfogadt\u00e1k a Technikai Seg\u00edts\u00e9gny\u00fajt\u00e1s dokumentumainak m\u00e1sodik v\u00e1ltozat\u00e1t (V2) valamint az Interreg V-A SI-HU EP 2017. \u00e9vi Kommunik\u00e1ci\u00f3s Terv\u00e9t is. D\u00f6nt\u00f6ttek emellett arr\u00f3l is, hogy a MB \u00fcl\u00e9sein hozott d\u00f6nt\u00e9seken k\u00edv\u00fcl az \u00fcl\u00e9sekhez kapcsol\u00f3d\u00f3an tov\u00e1bbi relev\u00e1ns dokumentumokat is k\u00f6zz\u00e9tesznek a Program honlapj\u00e1n.<\/p>\n<p>A Monitoring Bizotts\u00e1g tagjai <strong>nem hoztak d\u00f6nt\u00e9st a beny\u00fajtott projektekkel kapcsolatosan<\/strong>, mivel nem jutottak konszenzusra a projektek j\u00f3v\u00e1hagy\u00e1s\u00e1t\/halaszt\u00e1s\u00e1t\/elutas\u00edt\u00e1s\u00e1t\/tartal\u00e9klist\u00e1ra helyez\u00e9s\u00e9t illet\u0151en. A beny\u00fajtott projektekkel kapcsolatos d\u00f6nt\u00e9shozatalra a k\u00f6vetkez\u0151 eseti MB \u00fcl\u00e9s keret\u00e9ben ker\u00fcl sor, amelynek id\u0151pontja v\u00e1rhat\u00f3an <strong>2017. janu\u00e1r 16.<\/strong><\/p>\n<p>A 3. MB \u00fcl\u00e9sen meghozott d\u00f6nt\u00e9sek a csatolt dokumentumban olvashat\u00f3ak.<\/p>\n<p><a href=\"http:\/\/www.si-hu.eu\/hu2\/wp-content\/uploads\/sites\/10\/2016\/12\/DONTES_3.-MB.pdf\">DONTES_3. MB<\/a><\/p>\n<p><a href=\"http:\/\/www.si-hu.eu\/hu2\/wp-content\/uploads\/sites\/10\/2016\/12\/Prezentaciok_3.-Monitoring-Bizottsagi-ules-1.zip\">Prezent\u00e1ciok_3. Monitoring Bizotts\u00e1gi \u00fcl\u00e9s<\/a><\/p>\n<\/div><\/section><\/div>\n","protected":false},"excerpt":{"rendered":"","protected":false},"author":7,"featured_media":0,"parent":133,"menu_order":0,"comment_status":"closed","ping_status":"closed","template":"","meta":{"ngg_post_thumbnail":0},"acf":[],"_links":{"self":[{"href":"http:\/\/www.si-hu.eu\/hu2\/wp-json\/wp\/v2\/pages\/980"}],"collection":[{"href":"http:\/\/www.si-hu.eu\/hu2\/wp-json\/wp\/v2\/pages"}],"about":[{"href":"http:\/\/www.si-hu.eu\/hu2\/wp-json\/wp\/v2\/types\/page"}],"author":[{"embeddable":true,"href":"http:\/\/www.si-hu.eu\/hu2\/wp-json\/wp\/v2\/users\/7"}],"replies":[{"embeddable":true,"href":"http:\/\/www.si-hu.eu\/hu2\/wp-json\/wp\/v2\/comments?post=980"}],"version-history":[{"count":6,"href":"http:\/\/www.si-hu.eu\/hu2\/wp-json\/wp\/v2\/pages\/980\/revisions"}],"predecessor-version":[{"id":1059,"href":"http:\/\/www.si-hu.eu\/hu2\/wp-json\/wp\/v2\/pages\/980\/revisions\/1059"}],"up":[{"embeddable":true,"href":"http:\/\/www.si-hu.eu\/hu2\/wp-json\/wp\/v2\/pages\/133"}],"wp:attachment":[{"href":"http:\/\/www.si-hu.eu\/hu2\/wp-json\/wp\/v2\/media?parent=980"}],"curies":[{"name":"wp","href":"https:\/\/api.w.org\/{rel}","templated":true}]}}