{"id":2746,"date":"2015-08-24T13:50:13","date_gmt":"2015-08-24T12:50:13","guid":{"rendered":"http:\/\/www.si-hu.eu\/si2\/si-hu?page_id=2746"},"modified":"2015-08-24T13:50:13","modified_gmt":"2015-08-24T12:50:13","slug":"evropsko-teritorialno-sodelovanje","status":"publish","type":"page","link":"http:\/\/www.si-hu.eu\/si2\/program\/evropsko-teritorialno-sodelovanje\/","title":{"rendered":"Evropsko teritorialno sodelovanje"},"content":{"rendered":"<p>Glavni cilj kohezijske politike Evropske unije je pove\u010danje ekonomske in socialne kohezije dr\u017eav \u010dlanic z namenom spodbujanja skladnega, uravnote\u017eenega in trajnostnega razvoja Skupnosti ob hkratnem zmanj\u0161evanju gospodarskih, socialnih in teritorialnih neskladij. Evropska komisija je v svojih smernicah za teritorialno sodelovanje v <b>finan\u010dni perspektivi 2007-2013<\/b> izpostavila teritorialno kohezijo, ki ima skupaj z ekonomsko in socialno kohezijo pomembno vlogo pri doseganju ciljev lizbonske in goethenbur\u0161ke strategije. Nova kohezijska politika kot svoj tretji cilj opredeljuje Evropsko teritorialno sodelovanje (ETS), ki je usmerjeno v krepitev \u010dezmejnega, transnacionalnega in medregionalnega sodelovanja.<\/p>\n<p>Na evropski ravni je za Evropsko teritorialno sodelovanje (cilj 3) skupno namenjenih 2,52 % vseh kohezijskih sredstev oziroma 7,75 milijarde evrov. Od tega je najve\u010d, in sicer 73,86 % sredstev oz. 5.576 milijarde evrov iz cilja Evropskega teritorialnega sodelovanja namenjenih \u010dezmejnemu sodelovanju, 20,95 % oz. 1.582 milijarde evrov transnacionalnemu sodelovanju ter 5,19 % oz. 392 milijonov evrov medregionalnemu sodelovanju. Glede na sredi\u0161\u010dno geopoliti\u010dno lego Slovenije in glede na dejstvo, da ve\u010dina slovenskega prebivalstva \u017eivi v obmejnem obmo\u010dju, bo Evropsko teritorialno sodelovanje (cilj 3) tudi v tem programskem obdobju eden klju\u010dnih instrumentov za spodbujanje razvoja obmejnih regij in s tem celotne Slovenije.<br \/>\nCilj Evropsko teritorialno sodelovanje za programsko obdobje 2007-2013 preko<br \/>\nEvropskega sklada za regionalni razvoj (ESRR) svojo pomo\u010d osredoto\u010da na tri glavna podro\u010dja sodelovanja:<\/p>\n<ul>\n<li>razvoj \u010dezmejnih gospodarskih, socialnih in okoljskih dejavnosti s pomo\u010djo skupnih strategij za trajnostni teritorialni razvoj;<\/li>\n<li>krepitev transnacionalnega sodelovanja s pomo\u010djo dejavnosti na podro\u010dju prednostnih nalog Skupnosti in spodbujanje integriranega teritorialnega razvoja;<\/li>\n<li>pove\u010danje u\u010dinkovitosti regionalnih politik s spodbujanjem medregionalnega sodelovanja z izmenjavo izku\u0161enj na ustreznem teritorialnem nivoju.<\/li>\n<\/ul>\n<p>V okviru Evropskega teritorialnega sodelovanja je \u010dezmejnemu sodelovanju med Republiko Slovenijo in Republiko Mad\u017earsko namenjen Operativni program Slovenija \u2013 Mad\u017earska 2007-2013.<\/p>\n","protected":false},"excerpt":{"rendered":"<p>Glavni cilj kohezijske politike Evropske unije je pove\u010danje ekonomske in socialne kohezije dr\u017eav \u010dlanic z namenom spodbujanja skladnega, uravnote\u017eenega in trajnostnega razvoja Skupnosti ob hkratnem zmanj\u0161evanju gospodarskih, socialnih in teritorialnih neskladij. Evropska komisija je v svojih smernicah za teritorialno sodelovanje v finan\u010dni perspektivi 2007-2013 izpostavila teritorialno kohezijo, ki ima skupaj z ekonomsko in socialno kohezijo &hellip; <a href=\"http:\/\/www.si-hu.eu\/si2\/program\/evropsko-teritorialno-sodelovanje\/\" class=\"more-link\">Continue reading <span class=\"screen-reader-text\">Evropsko teritorialno sodelovanje<\/span> <span class=\"meta-nav\">&rarr;<\/span><\/a><\/p>\n","protected":false},"author":1,"featured_media":0,"parent":9,"menu_order":0,"comment_status":"closed","ping_status":"closed","template":"","meta":{"ngg_post_thumbnail":0},"_links":{"self":[{"href":"http:\/\/www.si-hu.eu\/si2\/wp-json\/wp\/v2\/pages\/2746"}],"collection":[{"href":"http:\/\/www.si-hu.eu\/si2\/wp-json\/wp\/v2\/pages"}],"about":[{"href":"http:\/\/www.si-hu.eu\/si2\/wp-json\/wp\/v2\/types\/page"}],"author":[{"embeddable":true,"href":"http:\/\/www.si-hu.eu\/si2\/wp-json\/wp\/v2\/users\/1"}],"replies":[{"embeddable":true,"href":"http:\/\/www.si-hu.eu\/si2\/wp-json\/wp\/v2\/comments?post=2746"}],"version-history":[{"count":1,"href":"http:\/\/www.si-hu.eu\/si2\/wp-json\/wp\/v2\/pages\/2746\/revisions"}],"predecessor-version":[{"id":2747,"href":"http:\/\/www.si-hu.eu\/si2\/wp-json\/wp\/v2\/pages\/2746\/revisions\/2747"}],"up":[{"embeddable":true,"href":"http:\/\/www.si-hu.eu\/si2\/wp-json\/wp\/v2\/pages\/9"}],"wp:attachment":[{"href":"http:\/\/www.si-hu.eu\/si2\/wp-json\/wp\/v2\/media?parent=2746"}],"curies":[{"name":"wp","href":"https:\/\/api.w.org\/{rel}","templated":true}]}}