{"id":2766,"date":"2015-08-24T14:03:57","date_gmt":"2015-08-24T13:03:57","guid":{"rendered":"http:\/\/www.si-hu.eu\/si2\/si-hu?page_id=2766"},"modified":"2016-01-12T08:32:36","modified_gmt":"2016-01-12T07:32:36","slug":"nova-financna-perspektiva-2014-2020","status":"publish","type":"page","link":"http:\/\/www.si-hu.eu\/si2\/program\/nova-financna-perspektiva-2014-2020\/","title":{"rendered":"Nova finan\u010dna perspektiva 2014-2020"},"content":{"rendered":"<h3>Javna razprava na temo osnutka Programa sodelovanja Interreg V-A Slovenija-Mad\u017earska 2014-2020<\/h3>\n<p>Program sodelovanja Interreg V-A Slovenija-Mad\u017earska 2014-2020 se pripravlja s strani predstavnikov obeh dr\u017eav \u010dlanic (Task Force), upo\u0161tevajo\u010d nacionalne\/regionalne potrebe obeh dr\u017eav na \u010dezmejnem programskem obmo\u010dju. Ve\u010dina vsebine programa sodelovanja je \u017ee bila opredeljena skladno s pravili in na\u010deli glavnih evropskih uredb.<\/p>\n<p>Na tem mestu lahko vsi zainteresirani podate stali\u0161\u010de na osnutek Programa sodelovanja tako, da izpolnite prilo\u017eeni obrazec in nam ga posredujte <b>najkasneje do 30. 1. 2015.<\/b> Svoje stali\u0161\u010de po\u0161ljite (na prilo\u017eenem obrazcu) na elektronski naslov <b><span id=\"eeEncEmail_dDtZAyh7o4\"><a href=\"mailto:jts-si-hu.svlr@gov.si\">jts-si-hu.svlr@gov.si<\/a><\/span><\/b>.<\/p>\n<p>Pripombe prejete v okviru postopka posvetovanja bodo uporabljene (v kolikor bodo relevantne) pri kon\u010dni pripravi Programa sodelovanja, pred oddajo le-tega Evropski komisiji v odobritev.<\/p>\n<p><a class=\"link_pdf\" href=\"http:\/\/www.si-hu.eu\/si2\/wp-content\/uploads\/2015\/09\/02%202_Draft_CP_SIHU%202014-2020_6.pdf\" target=\"_blank\">Osnutek programa sodelovanja Interreg V-A Slovenija-Mad\u017earska 2014-2020 (1.4M)<\/a><\/p>\n<p><a class=\"link_doc\" href=\"http:\/\/www.si-hu.eu\/si2\/wp-content\/uploads\/2015\/09\/Obrazec_stalisce_CP%20SI-HU%202014-2020_2.docx\" target=\"_blank\">Obrazec_Stali\u0161\u010de na osnutek_CP SI-HU 2014-2020 (36.4k)<\/a><\/p>\n<h3>Sodelujte pri pripravi nove finan\u010dne perspektive Slovenija-Mad\u017earska 2014-2020<\/h3>\n<p>Izdelava Operativnega programa Slovenija-Mad\u017earska za obdobje 2014-2020 se je za\u010dela. Z namenom naju\u010dinkovitej\u0161e izdelave naloge in slu\u017eiti najbolj\u0161im interesom \u010dezmejne regije Slovenija-Mad\u017earska, vas \u017eelimo vklju\u010diti v izdelavo operativnega programa.<\/p>\n<p>Vljudno vas prosimo, da izpolnite anketni vpra\u0161alnik, z namenom<\/p>\n<p>1. zbiranja komentarjev, pogledov glede programskega obdobja 2007-2013 (\u010de niste sodelovali, boste napoteni na relevantna vpra\u0161anja)<br \/>\n2. prepoznavanja te\u017eav in razvojnih potreb,ki jih smatrate kot pomembne za obravnavo v obdobju 2014-2020 (skupne Slovensko-Mad\u017earske \u010dezmejne te\u017eave)<br \/>\n3. prepoznati in izbrati prioritete, na\u010drtati mo\u017ene dejavnosti, ki naj bi bile podprete, projektne ideje, partnerje za vklju\u010ditev.<\/p>\n<p>Vpra\u0161alnik lahko najdete na slede\u010di spletni povezavi: <a href=\"https:\/\/www.surveymonkey.com\/s\/DL3PXYY\">https:\/\/www.surveymonkey.com\/s\/DL3PXYY<\/a><\/p>\n<p>Vra\u0161alnik bo na voljo za izpolnjevanje do 14. avgusta 2014.<\/p>\n<p>Va\u0161 odgovor je zelo cenjen in pomaga na\u0161emu delu pri izgradnji odli\u010dnega sodelovanje v \u010dezmejni regiji Slovenija-Mad\u017earska skozi njen razvoj.<\/p>\n<p>Zahvaljujemo se vam za sodelovanje!<\/p>\n<h3>Informacije o novi finan\u010dni perspektivi 2014-2020<\/h3>\n<p>Informacije o novi finan\u010dni perspektivi 2014-2020 in o programiranju Operativnega programa \u010dezmejnega sodelovanja med Republiko Slovenijo in Mad\u017earsko v programskem obdobju 2014-2020.<\/p>\n","protected":false},"excerpt":{"rendered":"<p>Javna razprava na temo osnutka Programa sodelovanja Interreg V-A Slovenija-Mad\u017earska 2014-2020 Program sodelovanja Interreg V-A Slovenija-Mad\u017earska 2014-2020 se pripravlja s strani predstavnikov obeh dr\u017eav \u010dlanic (Task Force), upo\u0161tevajo\u010d nacionalne\/regionalne potrebe obeh dr\u017eav na \u010dezmejnem programskem obmo\u010dju. Ve\u010dina vsebine programa sodelovanja je \u017ee bila opredeljena skladno s pravili in na\u010deli glavnih evropskih uredb. Na tem mestu &hellip; <a href=\"http:\/\/www.si-hu.eu\/si2\/program\/nova-financna-perspektiva-2014-2020\/\" class=\"more-link\">Continue reading <span class=\"screen-reader-text\">Nova finan\u010dna perspektiva 2014-2020<\/span> <span class=\"meta-nav\">&rarr;<\/span><\/a><\/p>\n","protected":false},"author":1,"featured_media":0,"parent":9,"menu_order":0,"comment_status":"closed","ping_status":"closed","template":"","meta":{"ngg_post_thumbnail":0},"_links":{"self":[{"href":"http:\/\/www.si-hu.eu\/si2\/wp-json\/wp\/v2\/pages\/2766"}],"collection":[{"href":"http:\/\/www.si-hu.eu\/si2\/wp-json\/wp\/v2\/pages"}],"about":[{"href":"http:\/\/www.si-hu.eu\/si2\/wp-json\/wp\/v2\/types\/page"}],"author":[{"embeddable":true,"href":"http:\/\/www.si-hu.eu\/si2\/wp-json\/wp\/v2\/users\/1"}],"replies":[{"embeddable":true,"href":"http:\/\/www.si-hu.eu\/si2\/wp-json\/wp\/v2\/comments?post=2766"}],"version-history":[{"count":2,"href":"http:\/\/www.si-hu.eu\/si2\/wp-json\/wp\/v2\/pages\/2766\/revisions"}],"predecessor-version":[{"id":4476,"href":"http:\/\/www.si-hu.eu\/si2\/wp-json\/wp\/v2\/pages\/2766\/revisions\/4476"}],"up":[{"embeddable":true,"href":"http:\/\/www.si-hu.eu\/si2\/wp-json\/wp\/v2\/pages\/9"}],"wp:attachment":[{"href":"http:\/\/www.si-hu.eu\/si2\/wp-json\/wp\/v2\/media?parent=2766"}],"curies":[{"name":"wp","href":"https:\/\/api.w.org\/{rel}","templated":true}]}}