{"id":2781,"date":"2015-08-24T14:19:47","date_gmt":"2015-08-24T13:19:47","guid":{"rendered":"http:\/\/www.si-hu.eu\/si2\/si-hu?page_id=2781"},"modified":"2016-01-12T08:38:10","modified_gmt":"2016-01-12T07:38:10","slug":"2-javni-razpis","status":"publish","type":"page","link":"http:\/\/www.si-hu.eu\/si2\/razpisi\/2-javni-razpis\/","title":{"rendered":"2. javni razpis"},"content":{"rendered":"<h3>Priloge za pogojno odobrene projekte v okviru 2. javnega razpisa OP SI-HU 2007-2013<\/h3>\n<p>V okviru 2. Javnega razpisa za Operativni program Slovenija-Mad\u017earska 2007-2013 je Skupni nadzorni odbor pogojno odobril projekte. Dokumenti, ki jih je treba izpolniti in poslati Skupnemu tehni\u010dnemu sekretariatu SI-HU 2007-2013 v predvidenem roku so navedeni v nadaljevanju:<br \/>\n&#8211; Prijavnica (vsa poglavja del A in B (MS Access podatkovna datoteka \u201cproject.mbd\u201d)<br \/>\n&#8211; Izjava mad\u017earskih projektnih partnerjev o prejetih sredstvih po pravilu \u201cDe Minimis\u201d<\/p>\n<p><a class=\"link_zip\" href=\"http:\/\/www.si-hu.eu\/si2\/wp-content\/uploads\/2015\/09\/ApplicationV3.zip\" target=\"_blank\">Prijavnica_Formanyomtatvany (12.4M)<\/a><\/p>\n<p><a class=\"link_doc\" href=\"http:\/\/www.si-hu.eu\/si2\/wp-content\/uploads\/2015\/09\/Declaration%20on%20De%20Minimis%20Aid.doc\" target=\"_blank\">Izjava za De Minimis_De Minimis Nyilatkozat (35k)<\/a><\/p>\n<h3 class=\"contspacer\">Sprememba prijavnice 2. javnega razpisa<\/h3>\n<div class=\"contspacer\">Sprememba prijavnice 2. javnega razpisa v okviru Operativnega programa Slovenija-Mad\u017earska 2007-2013, ki je bil objavljen 21. maja 2010, velja od 7. septembra 2010.<\/p>\n<p>V primeru, da ste prijavnico \u017ee izpolnjevali\/izpolnili jo nadgradite z novo verzijo. Pri tem se vam podatki v celoti ohranijo.<\/p><\/div>\n<div class=\"contspacer\"><a class=\"link_pdf\" href=\"http:\/\/www.si-hu.eu\/si2\/wp-content\/uploads\/2015\/09\/Spremembe_razpisne_dokumentacije.pdf\" target=\"_blank\">Spremembe razpisne dokumentacije (147.2k)<\/a><\/div>\n<div class=\"contspacer\"><a class=\"link_zip\" href=\"http:\/\/www.si-hu.eu\/si2\/wp-content\/uploads\/2015\/09\/Prijavnica_OP_SI-HU_2007-2013_NOVA!.zip\" target=\"_blank\">Prijavnica OP SI-HU 2007-2013_NOVA! (13.5M)<\/a><\/div>\n<div class=\"contspacer\"><a class=\"link_pdf\" href=\"http:\/\/www.si-hu.eu\/si2\/wp-content\/uploads\/2015\/09\/Navodila_za_izpolnjevanje_prijavnice.pdf\" target=\"_blank\">Navodila za izpolnjevanje prijavnice (474.2k)<\/a><\/div>\n<h3>OBJAVLJEN 2. JAVNI RAZPIS V OKVIRU OP SI-HU 2007-2013<\/h3>\n<p>Dne 21. maja 2010 je bil V Uradnem listu RS objavljen 2. javni razpis v okviru Operativnega programa Slovenija\u2013Mad\u017earska 2007-2013. Razpis bo odprt do 30.9.2010. Javni razpis objavlja organ upravljanja, Slu\u017eba Vlade RS za lokalno samoupravo in regionalno politiko, ki jo zastopa Oddelek za upravljanje \u010dezmejnih programov Maribor, in je namenjen upravi\u010denim prijaviteljem iz Slovenije in Mad\u017earske. Predmet javnega razpisa je sofinanciranje operacij iz sredstev Evropskega sklada za regionalni razvoj. V okviru tega javnega razpisa bo za sofinanciranje iz omenjenega sklada na voljo znesek v vi\u0161ini 14.699.991,54 EUR.<\/p>\n<p>Pri pripravi vlog bodite pozorni, da uporabite ustrezne obrazce, objavljene v sklopu razpisne dokumentacije 2. javnega razpisa. Razpisna dokumentacija je na voljo na spletni strani programa, v kategoriji \u00bbRAZPISI\u00ab.<\/p>\n<p><a class=\"link_pdf\" href=\"http:\/\/www.si-hu.eu\/si2\/wp-content\/uploads\/2015\/09\/2.JR_OP_SI-HU_2007-2013.pdf\" target=\"_blank\">2.JR_OP_SI-HU_2007-2013 (199.5k)<\/a><\/p>\n<p><a class=\"link_pdf\" href=\"http:\/\/www.si-hu.eu\/si2\/wp-content\/uploads\/2015\/09\/OP_SI-HU_2007-2013_1.pdf\" target=\"_blank\">OP_SI-HU_2007-2013 (1.2M)<\/a><\/p>\n<p><a class=\"link_pdf\" href=\"http:\/\/www.si-hu.eu\/si2\/wp-content\/uploads\/2015\/09\/PIP_OP_SI-HU_2007-2013.pdf\" target=\"_blank\">PIP_OP_SI-HU_2007-2013 (748.4k)<\/a><\/p>\n<p><a class=\"link_zip\" href=\"http:\/\/www.si-hu.eu\/si2\/wp-content\/uploads\/2015\/09\/Application_2.zip\" target=\"_blank\">Prijavnica_OP_SI-HU_2007-2013 (13M)<\/a><\/p>\n<p><a class=\"link_pdf\" href=\"http:\/\/www.si-hu.eu\/si2\/wp-content\/uploads\/2015\/09\/Pogodba_o_sofinanciranju_OP_SI-HU_2007-2013.pdf\" target=\"_blank\">Pogodba_o_sofinanciranju_OP_SI-HU_2007-2013 (2.7M)<\/a><\/p>\n<p><a href=\"http:\/\/www.si-hu.eu\/si2\/wp-content\/uploads\/2015\/09\/Sporazum_o_partnerstvu-OP_SI-HU_2007-2013.pdf\">Sporazum_o_partnerstvu-OP_SI-HU_2007-2013 (146.2k)<\/a><\/p>\n<p><a class=\"link_doc\" href=\"http:\/\/www.si-hu.eu\/si2\/wp-content\/uploads\/2015\/09\/Nalepka_za_ovojnico_C%C3%ADmke.doc\" target=\"_blank\">Nalepka_za_ovojnico_C\u00edmke (31k)<\/a><\/p>\n","protected":false},"excerpt":{"rendered":"<p>Priloge za pogojno odobrene projekte v okviru 2. javnega razpisa OP SI-HU 2007-2013 V okviru 2. Javnega razpisa za Operativni program Slovenija-Mad\u017earska 2007-2013 je Skupni nadzorni odbor pogojno odobril projekte. Dokumenti, ki jih je treba izpolniti in poslati Skupnemu tehni\u010dnemu sekretariatu SI-HU 2007-2013 v predvidenem roku so navedeni v nadaljevanju: &#8211; Prijavnica (vsa poglavja del &hellip; <a href=\"http:\/\/www.si-hu.eu\/si2\/razpisi\/2-javni-razpis\/\" class=\"more-link\">Continue reading <span class=\"screen-reader-text\">2. javni razpis<\/span> <span class=\"meta-nav\">&rarr;<\/span><\/a><\/p>\n","protected":false},"author":1,"featured_media":0,"parent":11,"menu_order":0,"comment_status":"closed","ping_status":"closed","template":"","meta":{"ngg_post_thumbnail":0},"_links":{"self":[{"href":"http:\/\/www.si-hu.eu\/si2\/wp-json\/wp\/v2\/pages\/2781"}],"collection":[{"href":"http:\/\/www.si-hu.eu\/si2\/wp-json\/wp\/v2\/pages"}],"about":[{"href":"http:\/\/www.si-hu.eu\/si2\/wp-json\/wp\/v2\/types\/page"}],"author":[{"embeddable":true,"href":"http:\/\/www.si-hu.eu\/si2\/wp-json\/wp\/v2\/users\/1"}],"replies":[{"embeddable":true,"href":"http:\/\/www.si-hu.eu\/si2\/wp-json\/wp\/v2\/comments?post=2781"}],"version-history":[{"count":3,"href":"http:\/\/www.si-hu.eu\/si2\/wp-json\/wp\/v2\/pages\/2781\/revisions"}],"predecessor-version":[{"id":4479,"href":"http:\/\/www.si-hu.eu\/si2\/wp-json\/wp\/v2\/pages\/2781\/revisions\/4479"}],"up":[{"embeddable":true,"href":"http:\/\/www.si-hu.eu\/si2\/wp-json\/wp\/v2\/pages\/11"}],"wp:attachment":[{"href":"http:\/\/www.si-hu.eu\/si2\/wp-json\/wp\/v2\/media?parent=2781"}],"curies":[{"name":"wp","href":"https:\/\/api.w.org\/{rel}","templated":true}]}}