{"id":2836,"date":"2015-08-24T14:49:24","date_gmt":"2015-08-24T13:49:24","guid":{"rendered":"http:\/\/www.si-hu.eu\/si2\/si-hu?page_id=2836"},"modified":"2015-08-24T14:49:32","modified_gmt":"2015-08-24T13:49:32","slug":"organizacijska-struktura","status":"publish","type":"page","link":"http:\/\/www.si-hu.eu\/si2\/o-nas\/organizacijska-struktura\/","title":{"rendered":"Organizacijska struktura"},"content":{"rendered":"<p><b>ORGAN UPRAVLJANJA (OU)<\/b><br \/>\nSlu\u017eba Vlade Republike Slovenije za razvoj in evropsko kohezijsko politiko<br \/>\nUrad za evropsko teritorialno sodelovanje in finan\u010dne mehanizme<br \/>\nSektor za upravljanje \u010dezmejnih programov<br \/>\nTrubarjeva 11<br \/>\nSI-2000 Maribor<br \/>\nVodja programa: Ale\u0161 Mrkela<br \/>\nTel: + 386 (0)1 400 3158<br \/>\nFax: + 386 (0)2 234 1050<\/p>\n<p><b>SKUPNI TEHNI\u010cNI SEKRETARIAT (STS)<\/b><br \/>\nSlu\u017eba Vlade Republike Slovenije za razvoj in evropsko kohezijsko politiko<br \/>\nUrad za evropsko teritorialno sodelovanje in finan\u010dne mehanizme<br \/>\nSektor za upravljanje \u010dezmejnih programov<br \/>\nTrubarjeva 11<br \/>\nSI-2000 Maribor<br \/>\nTel: + 386 (0)1 400 3160<br \/>\nFax: + 386 (0)2 234 1050<br \/>\ne-po\u0161ta: <span id=\"eeEncEmail_d9VCVapTSN\"><a href=\"mailto:jts-si-hu.svlr@gov.si\">jts-si-hu.svlr@gov.si<\/a><\/span><\/p>\n<p><b>ORGAN ZA POTRJEVANJE (OP)<\/b><br \/>\nJavni sklad Republike Slovenije<br \/>\nza regionalni razvoj in razvoj pode\u017eelja<br \/>\n\u0160krab\u010dev trg 9a<br \/>\n1310 Ribnica<br \/>\nTel: +386 (0)1 836-19-53<br \/>\nFax: +386 (0)1 836-19-56<\/p>\n<p><b>REVIZIJSKI ORGAN (RO)<\/b><br \/>\nMinistrstvo za finance, Urad za nadzor prora\u010duna<br \/>\nFajfarjeva 33<br \/>\nSI-1000 Ljubljana<br \/>\nTel: +386 (0)1 369 69 00<br \/>\nFax: +386 (0)1 369 69 14<\/p>\n<p><b>NACIONALNI ORGANI<\/b><br \/>\n<b>Slovenija:<\/b><br \/>\nSlu\u017eba Vlade Republike Slovenije za razvoj in evropsko kohezijsko politiko<br \/>\nUrad za evropsko teritorialno sodelovanje in finan\u010dne mehanizme<br \/>\nSektor za nacionalne organe in mednarodne zadeve<br \/>\nKotnikova 5, SI-1000 Ljubljana \/ Trubarjeva 11, SI-2000 Maribor<br \/>\nTel: +386 (0)1 400 3169<br \/>\nTel: +386 (0)1 400 3145<br \/>\nTel: +386 (0)1 400 3148<\/p>\n<p><b>Mad\u017earska:<\/b><br \/>\nPrime Minister\u2019s Office<br \/>\nWessel\u00e9nyi u. 20-22., 1077 Budapest<br \/>\nTel: +36 (06) 1-474-9269<br \/>\nFax: +36 (06) 1-474-9201<\/p>\n<p><b>SKUPNI NADZORNI ODBOR (SNO)<\/b><br \/>\nRedni \u010dlani<br \/>\nOpazovalci<br \/>\nSvetovalci<\/p>\n","protected":false},"excerpt":{"rendered":"<p>ORGAN UPRAVLJANJA (OU) Slu\u017eba Vlade Republike Slovenije za razvoj in evropsko kohezijsko politiko Urad za evropsko teritorialno sodelovanje in finan\u010dne mehanizme Sektor za upravljanje \u010dezmejnih programov Trubarjeva 11 SI-2000 Maribor Vodja programa: Ale\u0161 Mrkela Tel: + 386 (0)1 400 3158 Fax: + 386 (0)2 234 1050 SKUPNI TEHNI\u010cNI SEKRETARIAT (STS) Slu\u017eba Vlade Republike Slovenije za &hellip; <a href=\"http:\/\/www.si-hu.eu\/si2\/o-nas\/organizacijska-struktura\/\" class=\"more-link\">Continue reading <span class=\"screen-reader-text\">Organizacijska struktura<\/span> <span class=\"meta-nav\">&rarr;<\/span><\/a><\/p>\n","protected":false},"author":1,"featured_media":0,"parent":15,"menu_order":0,"comment_status":"closed","ping_status":"closed","template":"","meta":{"ngg_post_thumbnail":0},"_links":{"self":[{"href":"http:\/\/www.si-hu.eu\/si2\/wp-json\/wp\/v2\/pages\/2836"}],"collection":[{"href":"http:\/\/www.si-hu.eu\/si2\/wp-json\/wp\/v2\/pages"}],"about":[{"href":"http:\/\/www.si-hu.eu\/si2\/wp-json\/wp\/v2\/types\/page"}],"author":[{"embeddable":true,"href":"http:\/\/www.si-hu.eu\/si2\/wp-json\/wp\/v2\/users\/1"}],"replies":[{"embeddable":true,"href":"http:\/\/www.si-hu.eu\/si2\/wp-json\/wp\/v2\/comments?post=2836"}],"version-history":[{"count":2,"href":"http:\/\/www.si-hu.eu\/si2\/wp-json\/wp\/v2\/pages\/2836\/revisions"}],"predecessor-version":[{"id":2838,"href":"http:\/\/www.si-hu.eu\/si2\/wp-json\/wp\/v2\/pages\/2836\/revisions\/2838"}],"up":[{"embeddable":true,"href":"http:\/\/www.si-hu.eu\/si2\/wp-json\/wp\/v2\/pages\/15"}],"wp:attachment":[{"href":"http:\/\/www.si-hu.eu\/si2\/wp-json\/wp\/v2\/media?parent=2836"}],"curies":[{"name":"wp","href":"https:\/\/api.w.org\/{rel}","templated":true}]}}